{"id":654,"date":"2023-06-23T17:30:15","date_gmt":"2023-06-23T23:30:15","guid":{"rendered":"https:\/\/vodint.com\/?post_type=product&#038;p=654"},"modified":"2026-03-29T19:06:51","modified_gmt":"2026-03-30T01:06:51","slug":"crunchyroll-premium","status":"publish","type":"product","link":"https:\/\/vodint.com\/index.php\/producto\/crunchyroll-premium\/","title":{"rendered":"Crunchyroll Premium"},"content":{"rendered":"<p><strong>Crunchyroll Premium<\/strong> ofrece la opci\u00f3n de ver los animes en su idioma original con subt\u00edtulos o en versiones dobladas, dependiendo de las preferencias del usuario. Tambi\u00e9n brinda la opci\u00f3n de descargar episodios para verlos sin conexi\u00f3n, lo que resulta conveniente para aquellos que desean disfrutar de su anime favorito mientras est\u00e1n fuera de l\u00ednea<\/p>\n<p>Beneficios Premium:<\/p>\n<ul>\n<li>Sin publicidad<\/li>\n<li>Acceso ilimitado al cat\u00e1logo de Crunchyroll<\/li>\n<li>Nuevos episodios poco despu\u00e9s de su transmisi\u00f3n en Jap\u00f3n<\/li>\n<li>Disponible en 1 dispositivo al mismo tiempo<\/li>\n<li>Visionado Sin Conexi\u00f3n<\/li>\n<\/ul>\n<p>T\u00fa tienes derecho a configurar y usar la cuenta en los dispositivos* que desees, pero no debes usarlo al mismo tiempo en tus dispositivos *(es uno a la vez)*.<\/p>\n","protected":false},"excerpt":{"rendered":"<p><strong>Crunchyroll Premium<\/strong> es un servicio de suscripci\u00f3n que permite a los amantes del anime y el manga disfrutar de una amplia variedad de contenido exclusivo, en alta calidad y sin anuncios, ofreciendo una experiencia de transmisi\u00f3n inmersiva y conveniente.<\/p>\n","protected":false},"featured_media":713,"template":"","meta":[],"product_brand":[],"product_cat":[19],"product_tag":[26,27,25,28,24],"class_list":{"0":"post-654","1":"product","2":"type-product","3":"status-publish","4":"has-post-thumbnail","6":"product_cat-suscripciones","7":"product_tag-music","8":"product_tag-originals","9":"product_tag-premium","10":"product_tag-spotify","11":"product_tag-youtube","13":"first","14":"instock","15":"sale","16":"virtual","17":"taxable","18":"purchasable","19":"product-type-simple"},"_links":{"self":[{"href":"https:\/\/vodint.com\/index.php\/wp-json\/wp\/v2\/product\/654","targetHints":{"allow":["GET"]}}],"collection":[{"href":"https:\/\/vodint.com\/index.php\/wp-json\/wp\/v2\/product"}],"about":[{"href":"https:\/\/vodint.com\/index.php\/wp-json\/wp\/v2\/types\/product"}],"wp:featuredmedia":[{"embeddable":true,"href":"https:\/\/vodint.com\/index.php\/wp-json\/wp\/v2\/media\/713"}],"wp:attachment":[{"href":"https:\/\/vodint.com\/index.php\/wp-json\/wp\/v2\/media?parent=654"}],"wp:term":[{"taxonomy":"product_brand","embeddable":true,"href":"https:\/\/vodint.com\/index.php\/wp-json\/wp\/v2\/product_brand?post=654"},{"taxonomy":"product_cat","embeddable":true,"href":"https:\/\/vodint.com\/index.php\/wp-json\/wp\/v2\/product_cat?post=654"},{"taxonomy":"product_tag","embeddable":true,"href":"https:\/\/vodint.com\/index.php\/wp-json\/wp\/v2\/product_tag?post=654"}],"curies":[{"name":"wp","href":"https:\/\/api.w.org\/{rel}","templated":true}]}}