{"id":417,"date":"2022-09-05T16:53:04","date_gmt":"2022-09-05T22:53:04","guid":{"rendered":"https:\/\/vodint.com\/?post_type=product&#038;p=417"},"modified":"2026-03-29T19:06:51","modified_gmt":"2026-03-30T01:06:51","slug":"spotify-premium","status":"publish","type":"product","link":"https:\/\/vodint.com\/index.php\/producto\/spotify-premium\/","title":{"rendered":"Spotify Premium"},"content":{"rendered":"<p>Beneficios de Spotify Premium.<\/p>\n<p>Descarga tu m\u00fasica: Esc\u00fachala donde quieras.<\/p>\n<p>Reproduce m\u00fasica sin anuncios: Solo m\u00fasica, sin parar.<\/p>\n<p>Reproduce lo que quieras: Incluso en dispositivos m\u00f3viles.<\/p>\n<p>Salta canciones de forma ilimitada: Solo pasa a la siguiente.<\/p>\n","protected":false},"excerpt":{"rendered":"<p>Con Spotify es muy f\u00e1cil encontrar la m\u00fasica o el podcast perfectos para cada momento desde tu tel\u00e9fono, computadora, tablet y muchos otros dispositivos.<\/p>\n","protected":false},"featured_media":827,"template":"","meta":[],"product_brand":[],"product_cat":[19],"product_tag":[26,27,25,28,24],"class_list":{"0":"post-417","1":"product","2":"type-product","3":"status-publish","4":"has-post-thumbnail","6":"product_cat-suscripciones","7":"product_tag-music","8":"product_tag-originals","9":"product_tag-premium","10":"product_tag-spotify","11":"product_tag-youtube","13":"first","14":"instock","15":"sale","16":"virtual","17":"taxable","18":"purchasable","19":"product-type-simple"},"_links":{"self":[{"href":"https:\/\/vodint.com\/index.php\/wp-json\/wp\/v2\/product\/417","targetHints":{"allow":["GET"]}}],"collection":[{"href":"https:\/\/vodint.com\/index.php\/wp-json\/wp\/v2\/product"}],"about":[{"href":"https:\/\/vodint.com\/index.php\/wp-json\/wp\/v2\/types\/product"}],"wp:featuredmedia":[{"embeddable":true,"href":"https:\/\/vodint.com\/index.php\/wp-json\/wp\/v2\/media\/827"}],"wp:attachment":[{"href":"https:\/\/vodint.com\/index.php\/wp-json\/wp\/v2\/media?parent=417"}],"wp:term":[{"taxonomy":"product_brand","embeddable":true,"href":"https:\/\/vodint.com\/index.php\/wp-json\/wp\/v2\/product_brand?post=417"},{"taxonomy":"product_cat","embeddable":true,"href":"https:\/\/vodint.com\/index.php\/wp-json\/wp\/v2\/product_cat?post=417"},{"taxonomy":"product_tag","embeddable":true,"href":"https:\/\/vodint.com\/index.php\/wp-json\/wp\/v2\/product_tag?post=417"}],"curies":[{"name":"wp","href":"https:\/\/api.w.org\/{rel}","templated":true}]}}