{"id":356,"date":"2021-10-15T18:38:18","date_gmt":"2021-10-16T00:38:18","guid":{"rendered":"https:\/\/vodint.com\/?post_type=product&#038;p=356"},"modified":"2025-07-12T09:08:23","modified_gmt":"2025-07-12T15:08:23","slug":"paramount-plus","status":"publish","type":"product","link":"https:\/\/vodint.com\/index.php\/producto\/paramount-plus\/","title":{"rendered":"Paramount Plus"},"content":{"rendered":"<p><strong>Paramount Plus<\/strong><br \/>\nDisfruta de historias \u00fanicas, estrellas ic\u00f3nicas y programas exclusivos que no encontrar\u00e1s en ning\u00fan otro lugar.<\/p>\n<p><strong>Pel\u00edculas<\/strong><br \/>\n\u00a1Una biblioteca llena de pel\u00edculas nuevas y cl\u00e1sicas, para j\u00f3venes, adultos y ni\u00f1os! Pel\u00edculas para ver solo o con toda la familia.<\/p>\n<p><strong>Entretenimiento<\/strong><br \/>\n\u00bfTiene hijos j\u00f3venes? Los mejores realities como Acapulco Shore, MTV Caniggia Libre y Catfish llegan antes a Paramount+. \u00bfNo quieres parar de re\u00edr? Shows de stand up y los mejores programas de humor como La Culpa es de Cort\u00e9s, Bar Central y Lip Sync Battle para que te diviertas mucho.<\/p>\n<p><strong>Contenido Infantil<\/strong><br \/>\n\u00bfTiene hijos peque\u00f1os? Mira los grandes \u00e9xitos como Bob Esponja, Las Tortugas Ninja y muchos m\u00e1s a la hora que quieras, d\u00f3nde quieras.<\/p>\n<p>*Paramount Plus por el momento no cuenta con la opci\u00f3n de creaci\u00f3n de perfiles.<\/p>\n<p><strong>*No olvides que es un dispositivo a la vez para reproducir.<\/strong><\/p>\n","protected":false},"excerpt":{"rendered":"<p><strong>Paramount Plus<\/strong><br \/>\nMira lo mejor del entretenimiento en un solo lugar.<br \/>\nCon Paramount+ tendr\u00e1s acceso a series completas, shows de stand up, pel\u00edculas, realities y programas infantiles.<\/p>\n","protected":false},"featured_media":483,"template":"","meta":[],"product_brand":[],"product_cat":[19],"product_tag":[48,38,44,36,49,39],"class_list":{"0":"post-356","1":"product","2":"type-product","3":"status-publish","4":"has-post-thumbnail","6":"product_cat-suscripciones","7":"product_tag-amazon-prime-video","8":"product_tag-disney","9":"product_tag-hbo-max","10":"product_tag-netflix-premium","11":"product_tag-paramount-plus","12":"product_tag-youtube-premium","14":"first","15":"instock","16":"sale","17":"virtual","18":"taxable","19":"purchasable","20":"product-type-simple"},"_links":{"self":[{"href":"https:\/\/vodint.com\/index.php\/wp-json\/wp\/v2\/product\/356","targetHints":{"allow":["GET"]}}],"collection":[{"href":"https:\/\/vodint.com\/index.php\/wp-json\/wp\/v2\/product"}],"about":[{"href":"https:\/\/vodint.com\/index.php\/wp-json\/wp\/v2\/types\/product"}],"wp:featuredmedia":[{"embeddable":true,"href":"https:\/\/vodint.com\/index.php\/wp-json\/wp\/v2\/media\/483"}],"wp:attachment":[{"href":"https:\/\/vodint.com\/index.php\/wp-json\/wp\/v2\/media?parent=356"}],"wp:term":[{"taxonomy":"product_brand","embeddable":true,"href":"https:\/\/vodint.com\/index.php\/wp-json\/wp\/v2\/product_brand?post=356"},{"taxonomy":"product_cat","embeddable":true,"href":"https:\/\/vodint.com\/index.php\/wp-json\/wp\/v2\/product_cat?post=356"},{"taxonomy":"product_tag","embeddable":true,"href":"https:\/\/vodint.com\/index.php\/wp-json\/wp\/v2\/product_tag?post=356"}],"curies":[{"name":"wp","href":"https:\/\/api.w.org\/{rel}","templated":true}]}}