{"id":315,"date":"2021-08-14T09:02:25","date_gmt":"2021-08-14T15:02:25","guid":{"rendered":"https:\/\/vodint.com\/?post_type=product&#038;p=315"},"modified":"2026-03-30T16:28:51","modified_gmt":"2026-03-30T22:28:51","slug":"max","status":"publish","type":"product","link":"https:\/\/vodint.com\/index.php\/producto\/max\/","title":{"rendered":"Max"},"content":{"rendered":"<p><strong>Max<\/strong> es una plataforma de streaming al m\u00e1s puro estilo Netflix o Amazon Prime Video, con contenidos en alta definici\u00f3n y 4K exclusivos en formato serie, documental, pel\u00edcula o programa.<\/p>\n<p>Asimismo, una membres\u00eda no tiene mucho sentido si no es compatible con tus dispositivos. Max es compatible con una amplia variedad de dispositivos y plataformas.<\/p>\n<p><strong>TV:<\/strong> Amazon Fire, Android TV, Apple TV, Chromecast, LG, Roku, Samsung<br \/>\n<strong>Computadoras:<\/strong> Chrome OS, MacOS, Windows PC<br \/>\n<strong>Consola de Videojuegos:<\/strong> PS4, PS5, Xbox One, Xbox Series X|S<br \/>\n<strong>Mobile &amp; Tablet:<\/strong> Amazon Fire Tablet, Android Phone &amp; Tablet iPhone &amp; iPad<\/p>\n<p>*Si el dispositivo es compatible, encontrar\u00e1s Max en la tienda de aplicaciones.<\/p>\n<p>*Tu tendr\u00e1s derecho a un perfil personalizado con tu nombre para ver tu contenido.<\/p>\n<p><strong>*No olvides que es un dispositivo a la vez para reproducir.<\/strong><\/p>\n","protected":false},"excerpt":{"rendered":"<p><strong>Max<\/strong><br \/>\nVive el entretenimiento al m\u00e1ximo en Full HD y 4K, con los estrenos m\u00e1s esperados, series exclusivas, incre\u00edble contenido para la familia y mucho m\u00e1s.<\/p>\n","protected":false},"featured_media":813,"template":"","meta":[],"product_brand":[],"product_cat":[19],"product_tag":[45,60,61],"class_list":{"0":"post-315","1":"product","2":"type-product","3":"status-publish","4":"has-post-thumbnail","6":"product_cat-suscripciones","7":"product_tag-estandar","8":"product_tag-max","9":"product_tag-platino","11":"first","12":"instock","13":"sale","14":"virtual","15":"taxable","16":"purchasable","17":"product-type-simple"},"_links":{"self":[{"href":"https:\/\/vodint.com\/index.php\/wp-json\/wp\/v2\/product\/315","targetHints":{"allow":["GET"]}}],"collection":[{"href":"https:\/\/vodint.com\/index.php\/wp-json\/wp\/v2\/product"}],"about":[{"href":"https:\/\/vodint.com\/index.php\/wp-json\/wp\/v2\/types\/product"}],"wp:featuredmedia":[{"embeddable":true,"href":"https:\/\/vodint.com\/index.php\/wp-json\/wp\/v2\/media\/813"}],"wp:attachment":[{"href":"https:\/\/vodint.com\/index.php\/wp-json\/wp\/v2\/media?parent=315"}],"wp:term":[{"taxonomy":"product_brand","embeddable":true,"href":"https:\/\/vodint.com\/index.php\/wp-json\/wp\/v2\/product_brand?post=315"},{"taxonomy":"product_cat","embeddable":true,"href":"https:\/\/vodint.com\/index.php\/wp-json\/wp\/v2\/product_cat?post=315"},{"taxonomy":"product_tag","embeddable":true,"href":"https:\/\/vodint.com\/index.php\/wp-json\/wp\/v2\/product_tag?post=315"}],"curies":[{"name":"wp","href":"https:\/\/api.w.org\/{rel}","templated":true}]}}